{"id":21,"date":"2014-03-15T10:03:26","date_gmt":"2014-03-15T10:03:26","guid":{"rendered":"http:\/\/french.ensuringweremember.org.uk\/?page_id=21"},"modified":"2014-08-14T01:27:27","modified_gmt":"2014-08-14T01:27:27","slug":"what-you-can-do","status":"publish","type":"page","link":"https:\/\/french.ensuringweremember.org.uk\/?page_id=21","title":{"rendered":"Que Pouvez-vous Faire?"},"content":{"rendered":"<h3>Que pouvez-vous faire?<\/h3>\n<p>Il y a quatre fa\u00e7ons positives par lesquelles vous pouvez avoir un r\u00f4le actif dans la<br \/>\ncampagne.<\/p>\n<h3>Signez notre p\u00e9tition<\/h3>\n<p>Nous avons enregistr\u00e9 une P\u00e9tition sur le site web du Gouvernement de la Royaume-Uni, et nous avons besoin de 100,000 signatures afin d\u2019avoir l\u2019opportunit\u00e9 de d\u00e9battre sur cette affaire au \u201cHouse of Commons.\u201d<br \/>\nPour \u00eatre capable de signer la p\u00e9tition, vous devez \u00eatre soit un citoyen Britannique soit un r\u00e9sident de la Royaume-Uni.<br \/>\n<a href=\"https:\/\/www.change.org\/en-GB\/petitions\/we-are-asking-the-british-government-to-support-our-campaign\" target=\"_blank\">Signez la p\u00e9tition ici<\/a>.<\/p>\n<h3>Passez un mot \u00e0 d\u2019autres individus<\/h3>\n<p>Faites en sorte que les autres gens savent aussi \u00e0 propos de la campagne. Cliquez \u201cj\u2019aime\u201d sur facebook ou sur tweeter et retweetez \u00e0 propos de la campagne. Servez vous de notre syst\u00e8me de r\u00e9f\u00e9rence afin de savoir l\u2019impact que vous-m\u00eame vous avez sur la campagne \u2013 le syst\u00e8me de r\u00e9f\u00e9rence peut \u00eatre acc\u00e9d\u00e9 en s\u2019inscrivant sur notre bulletin d\u2019informations<br \/>\nRestez en contact avec notre bulletin d\u2019informations.<\/p>\n<p>Inscrivez-vous sur notre bulletin d\u2019informations afin de recevoir des nouvelles r\u00e9guli\u00e8res \u00e0 propos du d\u00e9roulement de la campagne.<\/p>\n<h3>Faites une contribution financi\u00e8re<\/h3>\n<p>Si vous \u00eates en position de le faire, alors s\u2019il vous plait faites une contribution \u00e0 la campagne. Les contributions peuvent \u00eatre faites par PayPal.<\/p>\n<form action=\"https:\/\/www.paypal.com\/cgi-bin\/webscr\" method=\"post\" target=\"_top\">\n<input type=\"hidden\" name=\"cmd\" value=\"_s-xclick\"><br \/>\n<input type=\"hidden\" name=\"hosted_button_id\" value=\"HPBQNRTZKYN6Y\"><br \/>\n<input type=\"image\" src=\"https:\/\/www.paypalobjects.com\/en_US\/GB\/i\/btn\/btn_donateCC_LG.gif\" border=\"0\" name=\"submit\" alt=\"PayPal \u2013 The safer, easier way to pay online.\"><br \/>\n<img loading=\"lazy\" decoding=\"async\" alt=\"\" border=\"0\" src=\"https:\/\/www.paypalobjects.com\/en_GB\/i\/scr\/pixel.gif\" width=\"1\" height=\"1\"><br \/>\n<\/form>\n","protected":false},"excerpt":{"rendered":"<p>Que pouvez-vous faire? Il y a quatre fa\u00e7ons positives par lesquelles vous pouvez avoir un r\u00f4le actif dans la campagne. Signez notre p\u00e9tition Nous avons enregistr\u00e9 une P\u00e9tition sur le site web du Gouvernement de la Royaume-Uni, et nous avons&#8230;<\/p>\n","protected":false},"author":1,"featured_media":0,"parent":0,"menu_order":0,"comment_status":"open","ping_status":"open","template":"","meta":{"footnotes":""},"class_list":["post-21","page","type-page","status-publish","hentry"],"yoast_head":"<!-- This site is optimized with the Yoast SEO plugin v27.3 - https:\/\/yoast.com\/product\/yoast-seo-wordpress\/ -->\n<title>Que Pouvez-vous Faire? - Ensuring We Remember<\/title>\n<meta name=\"robots\" content=\"index, follow, max-snippet:-1, max-image-preview:large, max-video-preview:-1\" \/>\n<link rel=\"canonical\" href=\"http:\/\/french.ensuringweremember.org.uk\/?page_id=21\" \/>\n<meta property=\"og:locale\" content=\"en_US\" \/>\n<meta property=\"og:type\" content=\"article\" \/>\n<meta property=\"og:title\" content=\"Que Pouvez-vous Faire? - Ensuring We Remember\" \/>\n<meta property=\"og:description\" content=\"Que pouvez-vous faire? Il y a quatre fa\u00e7ons positives par lesquelles vous pouvez avoir un r\u00f4le actif dans la campagne. Signez notre p\u00e9tition Nous avons enregistr\u00e9 une P\u00e9tition sur le site web du Gouvernement de la Royaume-Uni, et nous avons...\" \/>\n<meta property=\"og:url\" content=\"http:\/\/french.ensuringweremember.org.uk\/?page_id=21\" \/>\n<meta property=\"og:site_name\" content=\"Ensuring We Remember\" \/>\n<meta property=\"article:modified_time\" content=\"2014-08-14T01:27:27+00:00\" \/>\n<meta property=\"og:image\" content=\"https:\/\/www.paypalobjects.com\/en_GB\/i\/scr\/pixel.gif\" \/>\n<meta name=\"twitter:card\" content=\"summary_large_image\" \/>\n<meta name=\"twitter:label1\" content=\"Est. reading time\" \/>\n\t<meta name=\"twitter:data1\" content=\"1 minute\" \/>\n<script type=\"application\/ld+json\" class=\"yoast-schema-graph\">{\"@context\":\"https:\\\/\\\/schema.org\",\"@graph\":[{\"@type\":\"WebPage\",\"@id\":\"http:\\\/\\\/french.ensuringweremember.org.uk\\\/?page_id=21\",\"url\":\"http:\\\/\\\/french.ensuringweremember.org.uk\\\/?page_id=21\",\"name\":\"Que Pouvez-vous Faire? - Ensuring We Remember\",\"isPartOf\":{\"@id\":\"http:\\\/\\\/french.ensuringweremember.org.uk\\\/#website\"},\"primaryImageOfPage\":{\"@id\":\"http:\\\/\\\/french.ensuringweremember.org.uk\\\/?page_id=21#primaryimage\"},\"image\":{\"@id\":\"http:\\\/\\\/french.ensuringweremember.org.uk\\\/?page_id=21#primaryimage\"},\"thumbnailUrl\":\"https:\\\/\\\/www.paypalobjects.com\\\/en_GB\\\/i\\\/scr\\\/pixel.gif\",\"datePublished\":\"2014-03-15T10:03:26+00:00\",\"dateModified\":\"2014-08-14T01:27:27+00:00\",\"breadcrumb\":{\"@id\":\"http:\\\/\\\/french.ensuringweremember.org.uk\\\/?page_id=21#breadcrumb\"},\"inLanguage\":\"en-US\",\"potentialAction\":[{\"@type\":\"ReadAction\",\"target\":[\"http:\\\/\\\/french.ensuringweremember.org.uk\\\/?page_id=21\"]}]},{\"@type\":\"ImageObject\",\"inLanguage\":\"en-US\",\"@id\":\"http:\\\/\\\/french.ensuringweremember.org.uk\\\/?page_id=21#primaryimage\",\"url\":\"https:\\\/\\\/www.paypalobjects.com\\\/en_GB\\\/i\\\/scr\\\/pixel.gif\",\"contentUrl\":\"https:\\\/\\\/www.paypalobjects.com\\\/en_GB\\\/i\\\/scr\\\/pixel.gif\"},{\"@type\":\"BreadcrumbList\",\"@id\":\"http:\\\/\\\/french.ensuringweremember.org.uk\\\/?page_id=21#breadcrumb\",\"itemListElement\":[{\"@type\":\"ListItem\",\"position\":1,\"name\":\"Home\",\"item\":\"http:\\\/\\\/french.ensuringweremember.org.uk\\\/\"},{\"@type\":\"ListItem\",\"position\":2,\"name\":\"Que Pouvez-vous Faire?\"}]},{\"@type\":\"WebSite\",\"@id\":\"http:\\\/\\\/french.ensuringweremember.org.uk\\\/#website\",\"url\":\"http:\\\/\\\/french.ensuringweremember.org.uk\\\/\",\"name\":\"Ensuring We Remember\",\"description\":\"La Campagne Nationale pour la Comm\u00e9moration Permanente du \u2018Chinese Labour Corps\u2019\",\"potentialAction\":[{\"@type\":\"SearchAction\",\"target\":{\"@type\":\"EntryPoint\",\"urlTemplate\":\"http:\\\/\\\/french.ensuringweremember.org.uk\\\/?s={search_term_string}\"},\"query-input\":{\"@type\":\"PropertyValueSpecification\",\"valueRequired\":true,\"valueName\":\"search_term_string\"}}],\"inLanguage\":\"en-US\"}]}<\/script>\n<!-- \/ Yoast SEO plugin. -->","yoast_head_json":{"title":"Que Pouvez-vous Faire? - Ensuring We Remember","robots":{"index":"index","follow":"follow","max-snippet":"max-snippet:-1","max-image-preview":"max-image-preview:large","max-video-preview":"max-video-preview:-1"},"canonical":"http:\/\/french.ensuringweremember.org.uk\/?page_id=21","og_locale":"en_US","og_type":"article","og_title":"Que Pouvez-vous Faire? - Ensuring We Remember","og_description":"Que pouvez-vous faire? Il y a quatre fa\u00e7ons positives par lesquelles vous pouvez avoir un r\u00f4le actif dans la campagne. Signez notre p\u00e9tition Nous avons enregistr\u00e9 une P\u00e9tition sur le site web du Gouvernement de la Royaume-Uni, et nous avons...","og_url":"http:\/\/french.ensuringweremember.org.uk\/?page_id=21","og_site_name":"Ensuring We Remember","article_modified_time":"2014-08-14T01:27:27+00:00","og_image":[{"url":"https:\/\/www.paypalobjects.com\/en_GB\/i\/scr\/pixel.gif","type":"","width":"","height":""}],"twitter_card":"summary_large_image","twitter_misc":{"Est. reading time":"1 minute"},"schema":{"@context":"https:\/\/schema.org","@graph":[{"@type":"WebPage","@id":"http:\/\/french.ensuringweremember.org.uk\/?page_id=21","url":"http:\/\/french.ensuringweremember.org.uk\/?page_id=21","name":"Que Pouvez-vous Faire? - Ensuring We Remember","isPartOf":{"@id":"http:\/\/french.ensuringweremember.org.uk\/#website"},"primaryImageOfPage":{"@id":"http:\/\/french.ensuringweremember.org.uk\/?page_id=21#primaryimage"},"image":{"@id":"http:\/\/french.ensuringweremember.org.uk\/?page_id=21#primaryimage"},"thumbnailUrl":"https:\/\/www.paypalobjects.com\/en_GB\/i\/scr\/pixel.gif","datePublished":"2014-03-15T10:03:26+00:00","dateModified":"2014-08-14T01:27:27+00:00","breadcrumb":{"@id":"http:\/\/french.ensuringweremember.org.uk\/?page_id=21#breadcrumb"},"inLanguage":"en-US","potentialAction":[{"@type":"ReadAction","target":["http:\/\/french.ensuringweremember.org.uk\/?page_id=21"]}]},{"@type":"ImageObject","inLanguage":"en-US","@id":"http:\/\/french.ensuringweremember.org.uk\/?page_id=21#primaryimage","url":"https:\/\/www.paypalobjects.com\/en_GB\/i\/scr\/pixel.gif","contentUrl":"https:\/\/www.paypalobjects.com\/en_GB\/i\/scr\/pixel.gif"},{"@type":"BreadcrumbList","@id":"http:\/\/french.ensuringweremember.org.uk\/?page_id=21#breadcrumb","itemListElement":[{"@type":"ListItem","position":1,"name":"Home","item":"http:\/\/french.ensuringweremember.org.uk\/"},{"@type":"ListItem","position":2,"name":"Que Pouvez-vous Faire?"}]},{"@type":"WebSite","@id":"http:\/\/french.ensuringweremember.org.uk\/#website","url":"http:\/\/french.ensuringweremember.org.uk\/","name":"Ensuring We Remember","description":"La Campagne Nationale pour la Comm\u00e9moration Permanente du \u2018Chinese Labour Corps\u2019","potentialAction":[{"@type":"SearchAction","target":{"@type":"EntryPoint","urlTemplate":"http:\/\/french.ensuringweremember.org.uk\/?s={search_term_string}"},"query-input":{"@type":"PropertyValueSpecification","valueRequired":true,"valueName":"search_term_string"}}],"inLanguage":"en-US"}]}},"_links":{"self":[{"href":"https:\/\/french.ensuringweremember.org.uk\/index.php?rest_route=\/wp\/v2\/pages\/21","targetHints":{"allow":["GET"]}}],"collection":[{"href":"https:\/\/french.ensuringweremember.org.uk\/index.php?rest_route=\/wp\/v2\/pages"}],"about":[{"href":"https:\/\/french.ensuringweremember.org.uk\/index.php?rest_route=\/wp\/v2\/types\/page"}],"author":[{"embeddable":true,"href":"https:\/\/french.ensuringweremember.org.uk\/index.php?rest_route=\/wp\/v2\/users\/1"}],"replies":[{"embeddable":true,"href":"https:\/\/french.ensuringweremember.org.uk\/index.php?rest_route=%2Fwp%2Fv2%2Fcomments&post=21"}],"version-history":[{"count":5,"href":"https:\/\/french.ensuringweremember.org.uk\/index.php?rest_route=\/wp\/v2\/pages\/21\/revisions"}],"predecessor-version":[{"id":112,"href":"https:\/\/french.ensuringweremember.org.uk\/index.php?rest_route=\/wp\/v2\/pages\/21\/revisions\/112"}],"wp:attachment":[{"href":"https:\/\/french.ensuringweremember.org.uk\/index.php?rest_route=%2Fwp%2Fv2%2Fmedia&parent=21"}],"curies":[{"name":"wp","href":"https:\/\/api.w.org\/{rel}","templated":true}]}}